{"id":242888,"date":"2023-04-30T09:00:48","date_gmt":"2023-04-30T07:00:48","guid":{"rendered":"https:\/\/ozerieitan.com\/cirurgia-ortognatica\/"},"modified":"2023-06-12T16:58:14","modified_gmt":"2023-06-12T16:58:14","slug":"cirurgia-ortognatica","status":"publish","type":"page","link":"https:\/\/ozerieitan.com\/pt-pt\/cirurgia-ortognatica\/","title":{"rendered":"Cirurgia ortogn\u00e1tica"},"content":{"rendered":"<p>[et_pb_section fb_built=&#8221;1&#8243; _builder_version=&#8221;4.21.0&#8243; _module_preset=&#8221;default&#8221; background_color=&#8221;#DAE7E4&#8243; global_colors_info=&#8221;{}&#8221;][et_pb_row _builder_version=&#8221;4.21.0&#8243; _module_preset=&#8221;default&#8221; global_colors_info=&#8221;{}&#8221;][et_pb_column type=&#8221;4_4&#8243; _builder_version=&#8221;4.21.0&#8243; _module_preset=&#8221;default&#8221; global_colors_info=&#8221;{}&#8221;][et_pb_text _builder_version=&#8221;4.21.0&#8243; _module_preset=&#8221;default&#8221; global_colors_info=&#8221;{}&#8221;]<\/p>\n<h1>Cirurgia ortogn\u00e1tica<\/h1>\n<h2>Problemas de m\u00e1 oclus\u00e3o dento-esquel\u00e9tica<\/h2>\n<p>[\/et_pb_text][\/et_pb_column][\/et_pb_row][\/et_pb_section][et_pb_section fb_built=&#8221;1&#8243; _builder_version=&#8221;4.21.0&#8243; _module_preset=&#8221;default&#8221; global_colors_info=&#8221;{}&#8221;][et_pb_row _builder_version=&#8221;4.21.0&#8243; _module_preset=&#8221;default&#8221; global_colors_info=&#8221;{}&#8221; column_structure=&#8221;2_5,3_5&#8243;][et_pb_column type=&#8221;2_5&#8243; _builder_version=&#8221;4.21.0&#8243; _module_preset=&#8221;default&#8221; global_colors_info=&#8221;{}&#8221;][et_pb_image src=&#8221;https:\/\/ozerieitan.com\/wp-content\/uploads\/2023\/06\/ChirurgiaOrtognatica.jpg&#8221; _builder_version=&#8221;4.21.0&#8243; _module_preset=&#8221;default&#8221; hover_enabled=&#8221;0&#8243; sticky_enabled=&#8221;0&#8243; title_text=&#8221;CirurgiaCirurgia ortogn\u00e1tica&#8221;][\/et_pb_image][\/et_pb_column][et_pb_column type=&#8221;3_5&#8243; _builder_version=&#8221;4.21.0&#8243; _module_preset=&#8221;default&#8221; global_colors_info=&#8221;{}&#8221;][et_pb_text _builder_version=&#8221;4.21.0&#8243; _module_preset=&#8221;default&#8221; hover_enabled=&#8221;0&#8243; global_colors_info=&#8221;{}&#8221; sticky_enabled=&#8221;0&#8243;]<\/p>\n<h4>M\u00e1 oclus\u00e3o dento-esquel\u00e9tica<\/h4>\n<p>As deformidades dento-faciais e maxilofaciais constituem um grupo diversificado de patologias que t\u00eam em comum a exist\u00eancia de altera\u00e7\u00f5es na forma, posi\u00e7\u00e3o e tamanho dos distintos elementos esquel\u00e9ticos e dent\u00e1rios que comp\u00f5em a face.<\/p>\n<h4>Cirurgia ortogn\u00e1tica<\/h4>\n<p>A Cirurgia Correctiva das rela\u00e7\u00f5es entre os maxilares nas suas 3 dimens\u00f5es no espa\u00e7o, tamb\u00e9m conhecida como Cirurgia Ortogn\u00e1tica, tem como objectivo corrigir uma s\u00e9rie de irregularidades ou anomalias esquel\u00e9ticas e dent\u00e1rias, maiores ou menores. O resultado \u00e9 uma grande melhoria na morfologia facial, bem como um importante benef\u00edcio funcional.<\/p>\n<ul>\n<li>Seguem-se algumas condi\u00e7\u00f5es que podem indicar a exist\u00eancia de<br \/>Cirurgia ortogn\u00e1tica:<\/li>\n<li>Dificuldade em mastigar os alimentos<\/li>\n<li>dificuldade em engolir alimentos<\/li>\n<li>Desgaste excessivo dos dentes e das suas superf\u00edcies mastigat\u00f3rias<\/li>\n<li>Uma mordida aberta (a exist\u00eancia de um espa\u00e7o entre os dentes dos maxilares superior e inferior, mesmo quando a boca est\u00e1 fechada)<\/li>\n<li>Irregularidades na harmonia facial, tanto quando o paciente \u00e9 observado de perfil como no plano frontal (primeiro plano)<\/li>\n<li>queixo &#8220;recuado&#8221; (para tr\u00e1s), ou maxilar demasiado comprido, demasiado para a frente e proeminente<\/li>\n<li>Incapacidade de fechar ou igualar os l\u00e1bios espontaneamente quando os dentes est\u00e3o cerrados<\/li>\n<li>Dor na articula\u00e7\u00e3o mandibular ou temporomandibular e dor de cabe\u00e7a cr\u00f3nica<\/li>\n<li>Traumatismo facial ou defeitos cong\u00e9nitos<\/li>\n<li>Respira\u00e7\u00e3o oral e s\u00edndrome de apneia obstrutiva do sono de &#8220;boca seca&#8221;.<\/li>\n<\/ul>\n<p>NOTA: Nos fumadores, o tempo de recupera\u00e7\u00e3o \u00e9 normalmente prolongado e o risco de complica\u00e7\u00f5es \u00e9 maior.<\/p>\n<p>[\/et_pb_text][\/et_pb_column][\/et_pb_row][\/et_pb_section][et_pb_section fb_built=&#8221;1&#8243; _builder_version=&#8221;4.21.0&#8243; _module_preset=&#8221;default&#8221; background_color=&#8221;#DAE7E4&#8243; locked=&#8221;off&#8221; global_colors_info=&#8221;{}&#8221;][et_pb_row column_structure=&#8221;1_2,1_2&#8243; _builder_version=&#8221;4.21.0&#8243; _module_preset=&#8221;default&#8221; global_colors_info=&#8221;{}&#8221;][et_pb_column type=&#8221;1_2&#8243; _builder_version=&#8221;4.21.0&#8243; _module_preset=&#8221;default&#8221; global_colors_info=&#8221;{}&#8221;][et_pb_text _builder_version=&#8221;4.21.0&#8243; _module_preset=&#8221;default&#8221; global_colors_info=&#8221;{}&#8221;]<\/p>\n<h2>Marcar uma consulta com o Dr. Ozeri A. Eitan<\/h2>\n<p>[\/et_pb_text][\/et_pb_column][et_pb_column type=&#8221;1_2&#8243; _builder_version=&#8221;4.21.0&#8243; _module_preset=&#8221;default&#8221; global_colors_info=&#8221;{}&#8221;][et_pb_button button_url=&#8221;@ET-DC@eyJkeW5hbWljIjp0cnVlLCJjb250ZW50IjoicG9zdF9saW5rX3VybF9wYWdlIiwic2V0dGluZ3MiOnsicG9zdF9pZCI6IjU2In19@&#8221; button_text=&#8221;Ir para os contactos&#8221; _builder_version=&#8221;4.21.0&#8243; _dynamic_attributes=&#8221;button_url&#8221; _module_preset=&#8221;default&#8221; global_colors_info=&#8221;{}&#8221;][\/et_pb_button][\/et_pb_column][\/et_pb_row][\/et_pb_section]<\/p>\n","protected":false},"excerpt":{"rendered":"<p>Cirurgia ortogn\u00e1tica Problemas de m\u00e1 oclus\u00e3o dento-esquel\u00e9ticaM\u00e1 oclus\u00e3o dento-esquel\u00e9tica As deformidades dento-faciais e maxilofaciais constituem um grupo diversificado de patologias que t\u00eam em comum a exist\u00eancia de altera\u00e7\u00f5es na forma, posi\u00e7\u00e3o e tamanho dos distintos elementos esquel\u00e9ticos e dent\u00e1rios que comp\u00f5em a face. Cirurgia ortogn\u00e1tica A Cirurgia Correctiva das rela\u00e7\u00f5es entre os maxilares nas suas [&hellip;]<\/p>\n","protected":false},"author":2,"featured_media":0,"parent":0,"menu_order":0,"comment_status":"closed","ping_status":"closed","template":"","meta":{"_et_pb_use_builder":"on","_et_pb_old_content":"","_et_gb_content_width":"","footnotes":""},"class_list":["post-242888","page","type-page","status-publish","hentry"],"yoast_head":"<!-- This site is optimized with the Yoast SEO plugin v27.1.1 - https:\/\/yoast.com\/product\/yoast-seo-wordpress\/ -->\n<title>Cirurgia ortogn\u00e1tica - Dott. Eitan Ozeri<\/title>\n<meta name=\"robots\" content=\"index, follow, max-snippet:-1, max-image-preview:large, max-video-preview:-1\" \/>\n<link rel=\"canonical\" href=\"https:\/\/ozerieitan.com\/pt-pt\/cirurgia-ortognatica\/\" \/>\n<meta property=\"og:locale\" content=\"pt_PT\" \/>\n<meta property=\"og:type\" content=\"article\" \/>\n<meta property=\"og:title\" content=\"Cirurgia ortogn\u00e1tica - Dott. Eitan Ozeri\" \/>\n<meta property=\"og:description\" content=\"Cirurgia ortogn\u00e1tica Problemas de m\u00e1 oclus\u00e3o dento-esquel\u00e9ticaM\u00e1 oclus\u00e3o dento-esquel\u00e9tica As deformidades dento-faciais e maxilofaciais constituem um grupo diversificado de patologias que t\u00eam em comum a exist\u00eancia de altera\u00e7\u00f5es na forma, posi\u00e7\u00e3o e tamanho dos distintos elementos esquel\u00e9ticos e dent\u00e1rios que comp\u00f5em a face. Cirurgia ortogn\u00e1tica A Cirurgia Correctiva das rela\u00e7\u00f5es entre os maxilares nas suas [&hellip;]\" \/>\n<meta property=\"og:url\" content=\"https:\/\/ozerieitan.com\/pt-pt\/cirurgia-ortognatica\/\" \/>\n<meta property=\"og:site_name\" content=\"Dott. Eitan Ozeri\" \/>\n<meta property=\"article:modified_time\" content=\"2023-06-12T16:58:14+00:00\" \/>\n<meta name=\"twitter:card\" content=\"summary_large_image\" \/>\n<meta name=\"twitter:label1\" content=\"Tempo estimado de leitura\" \/>\n\t<meta name=\"twitter:data1\" content=\"3 minutos\" \/>\n<script type=\"application\/ld+json\" class=\"yoast-schema-graph\">{\"@context\":\"https:\/\/schema.org\",\"@graph\":[{\"@type\":\"WebPage\",\"@id\":\"https:\/\/ozerieitan.com\/pt-pt\/cirurgia-ortognatica\/\",\"url\":\"https:\/\/ozerieitan.com\/pt-pt\/cirurgia-ortognatica\/\",\"name\":\"Cirurgia ortogn\u00e1tica - Dott. Eitan Ozeri\",\"isPartOf\":{\"@id\":\"https:\/\/ozerieitan.com\/#website\"},\"datePublished\":\"2023-04-30T07:00:48+00:00\",\"dateModified\":\"2023-06-12T16:58:14+00:00\",\"breadcrumb\":{\"@id\":\"https:\/\/ozerieitan.com\/pt-pt\/cirurgia-ortognatica\/#breadcrumb\"},\"inLanguage\":\"pt-PT\",\"potentialAction\":[{\"@type\":\"ReadAction\",\"target\":[\"https:\/\/ozerieitan.com\/pt-pt\/cirurgia-ortognatica\/\"]}]},{\"@type\":\"BreadcrumbList\",\"@id\":\"https:\/\/ozerieitan.com\/pt-pt\/cirurgia-ortognatica\/#breadcrumb\",\"itemListElement\":[{\"@type\":\"ListItem\",\"position\":1,\"name\":\"Home\",\"item\":\"https:\/\/ozerieitan.com\/pt-pt\/inicio\/\"},{\"@type\":\"ListItem\",\"position\":2,\"name\":\"Cirurgia ortogn\u00e1tica\"}]},{\"@type\":\"WebSite\",\"@id\":\"https:\/\/ozerieitan.com\/#website\",\"url\":\"https:\/\/ozerieitan.com\/\",\"name\":\"Dott. Eitan Ozeri\",\"description\":\"Medico Chirurgo Specialista in Chirurgia Maxillo-Facciale\",\"publisher\":{\"@id\":\"https:\/\/ozerieitan.com\/#\/schema\/person\/3b11a98827d659188824da14923ab16f\"},\"potentialAction\":[{\"@type\":\"SearchAction\",\"target\":{\"@type\":\"EntryPoint\",\"urlTemplate\":\"https:\/\/ozerieitan.com\/?s={search_term_string}\"},\"query-input\":{\"@type\":\"PropertyValueSpecification\",\"valueRequired\":true,\"valueName\":\"search_term_string\"}}],\"inLanguage\":\"pt-PT\"},{\"@type\":[\"Person\",\"Organization\"],\"@id\":\"https:\/\/ozerieitan.com\/#\/schema\/person\/3b11a98827d659188824da14923ab16f\",\"name\":\"ozerieitan\",\"image\":{\"@type\":\"ImageObject\",\"inLanguage\":\"pt-PT\",\"@id\":\"https:\/\/ozerieitan.com\/#\/schema\/person\/image\/\",\"url\":\"https:\/\/ozerieitan.com\/wp-content\/uploads\/2023\/04\/2022.04.26_Armonia_foto-medico.jpg\",\"contentUrl\":\"https:\/\/ozerieitan.com\/wp-content\/uploads\/2023\/04\/2022.04.26_Armonia_foto-medico.jpg\",\"width\":640,\"height\":425,\"caption\":\"ozerieitan\"},\"logo\":{\"@id\":\"https:\/\/ozerieitan.com\/#\/schema\/person\/image\/\"}}]}<\/script>\n<!-- \/ Yoast SEO plugin. -->","yoast_head_json":{"title":"Cirurgia ortogn\u00e1tica - Dott. Eitan Ozeri","robots":{"index":"index","follow":"follow","max-snippet":"max-snippet:-1","max-image-preview":"max-image-preview:large","max-video-preview":"max-video-preview:-1"},"canonical":"https:\/\/ozerieitan.com\/pt-pt\/cirurgia-ortognatica\/","og_locale":"pt_PT","og_type":"article","og_title":"Cirurgia ortogn\u00e1tica - Dott. Eitan Ozeri","og_description":"Cirurgia ortogn\u00e1tica Problemas de m\u00e1 oclus\u00e3o dento-esquel\u00e9ticaM\u00e1 oclus\u00e3o dento-esquel\u00e9tica As deformidades dento-faciais e maxilofaciais constituem um grupo diversificado de patologias que t\u00eam em comum a exist\u00eancia de altera\u00e7\u00f5es na forma, posi\u00e7\u00e3o e tamanho dos distintos elementos esquel\u00e9ticos e dent\u00e1rios que comp\u00f5em a face. Cirurgia ortogn\u00e1tica A Cirurgia Correctiva das rela\u00e7\u00f5es entre os maxilares nas suas [&hellip;]","og_url":"https:\/\/ozerieitan.com\/pt-pt\/cirurgia-ortognatica\/","og_site_name":"Dott. Eitan Ozeri","article_modified_time":"2023-06-12T16:58:14+00:00","twitter_card":"summary_large_image","twitter_misc":{"Tempo estimado de leitura":"3 minutos"},"schema":{"@context":"https:\/\/schema.org","@graph":[{"@type":"WebPage","@id":"https:\/\/ozerieitan.com\/pt-pt\/cirurgia-ortognatica\/","url":"https:\/\/ozerieitan.com\/pt-pt\/cirurgia-ortognatica\/","name":"Cirurgia ortogn\u00e1tica - Dott. Eitan Ozeri","isPartOf":{"@id":"https:\/\/ozerieitan.com\/#website"},"datePublished":"2023-04-30T07:00:48+00:00","dateModified":"2023-06-12T16:58:14+00:00","breadcrumb":{"@id":"https:\/\/ozerieitan.com\/pt-pt\/cirurgia-ortognatica\/#breadcrumb"},"inLanguage":"pt-PT","potentialAction":[{"@type":"ReadAction","target":["https:\/\/ozerieitan.com\/pt-pt\/cirurgia-ortognatica\/"]}]},{"@type":"BreadcrumbList","@id":"https:\/\/ozerieitan.com\/pt-pt\/cirurgia-ortognatica\/#breadcrumb","itemListElement":[{"@type":"ListItem","position":1,"name":"Home","item":"https:\/\/ozerieitan.com\/pt-pt\/inicio\/"},{"@type":"ListItem","position":2,"name":"Cirurgia ortogn\u00e1tica"}]},{"@type":"WebSite","@id":"https:\/\/ozerieitan.com\/#website","url":"https:\/\/ozerieitan.com\/","name":"Dott. Eitan Ozeri","description":"Medico Chirurgo Specialista in Chirurgia Maxillo-Facciale","publisher":{"@id":"https:\/\/ozerieitan.com\/#\/schema\/person\/3b11a98827d659188824da14923ab16f"},"potentialAction":[{"@type":"SearchAction","target":{"@type":"EntryPoint","urlTemplate":"https:\/\/ozerieitan.com\/?s={search_term_string}"},"query-input":{"@type":"PropertyValueSpecification","valueRequired":true,"valueName":"search_term_string"}}],"inLanguage":"pt-PT"},{"@type":["Person","Organization"],"@id":"https:\/\/ozerieitan.com\/#\/schema\/person\/3b11a98827d659188824da14923ab16f","name":"ozerieitan","image":{"@type":"ImageObject","inLanguage":"pt-PT","@id":"https:\/\/ozerieitan.com\/#\/schema\/person\/image\/","url":"https:\/\/ozerieitan.com\/wp-content\/uploads\/2023\/04\/2022.04.26_Armonia_foto-medico.jpg","contentUrl":"https:\/\/ozerieitan.com\/wp-content\/uploads\/2023\/04\/2022.04.26_Armonia_foto-medico.jpg","width":640,"height":425,"caption":"ozerieitan"},"logo":{"@id":"https:\/\/ozerieitan.com\/#\/schema\/person\/image\/"}}]}},"jetpack_sharing_enabled":true,"_links":{"self":[{"href":"https:\/\/ozerieitan.com\/pt-pt\/wp-json\/wp\/v2\/pages\/242888","targetHints":{"allow":["GET"]}}],"collection":[{"href":"https:\/\/ozerieitan.com\/pt-pt\/wp-json\/wp\/v2\/pages"}],"about":[{"href":"https:\/\/ozerieitan.com\/pt-pt\/wp-json\/wp\/v2\/types\/page"}],"author":[{"embeddable":true,"href":"https:\/\/ozerieitan.com\/pt-pt\/wp-json\/wp\/v2\/users\/2"}],"replies":[{"embeddable":true,"href":"https:\/\/ozerieitan.com\/pt-pt\/wp-json\/wp\/v2\/comments?post=242888"}],"version-history":[{"count":2,"href":"https:\/\/ozerieitan.com\/pt-pt\/wp-json\/wp\/v2\/pages\/242888\/revisions"}],"predecessor-version":[{"id":242890,"href":"https:\/\/ozerieitan.com\/pt-pt\/wp-json\/wp\/v2\/pages\/242888\/revisions\/242890"}],"wp:attachment":[{"href":"https:\/\/ozerieitan.com\/pt-pt\/wp-json\/wp\/v2\/media?parent=242888"}],"curies":[{"name":"wp","href":"https:\/\/api.w.org\/{rel}","templated":true}]}}