{"id":242916,"date":"2023-04-30T10:44:24","date_gmt":"2023-04-30T10:44:24","guid":{"rendered":"https:\/\/ozerieitan.com\/blefaroplastia\/"},"modified":"2023-06-12T17:01:47","modified_gmt":"2023-06-12T17:01:47","slug":"blefaroplastia","status":"publish","type":"page","link":"https:\/\/ozerieitan.com\/pt-pt\/blefaroplastia\/","title":{"rendered":"Blefaroplastia"},"content":{"rendered":"<p>[et_pb_section fb_built=&#8221;1&#8243; _builder_version=&#8221;4.21.0&#8243; _module_preset=&#8221;default&#8221; background_color=&#8221;#DAE7E4&#8243; global_colors_info=&#8221;{}&#8221;][et_pb_row _builder_version=&#8221;4.21.0&#8243; _module_preset=&#8221;default&#8221; global_colors_info=&#8221;{}&#8221;][et_pb_column type=&#8221;4_4&#8243; _builder_version=&#8221;4.21.0&#8243; _module_preset=&#8221;default&#8221; global_colors_info=&#8221;{}&#8221;][et_pb_text _builder_version=&#8221;4.21.0&#8243; _module_preset=&#8221;default&#8221; global_colors_info=&#8221;{}&#8221;]<\/p>\n<h1>Blefaroplastia<\/h1>\n<h2>Incluindo correc\u00e7\u00f5es de entr\u00f3pio e ectr\u00f3pio<\/h2>\n<p>[\/et_pb_text][\/et_pb_column][\/et_pb_row][\/et_pb_section][et_pb_section fb_built=&#8221;1&#8243; _builder_version=&#8221;4.21.0&#8243; _module_preset=&#8221;default&#8221; global_colors_info=&#8221;{}&#8221;][et_pb_row column_structure=&#8221;2_5,3_5&#8243; _builder_version=&#8221;4.21.0&#8243; _module_preset=&#8221;default&#8221; global_colors_info=&#8221;{}&#8221;][et_pb_column type=&#8221;2_5&#8243; _builder_version=&#8221;4.21.0&#8243; _module_preset=&#8221;default&#8221; global_colors_info=&#8221;{}&#8221;][et_pb_image src=&#8221;https:\/\/ozerieitan.com\/wp-content\/uploads\/2023\/06\/Blefaroplastica_-1.jpg&#8221; title_text=&#8221;Blefaroplastia_&#8221; _builder_version=&#8221;4.21.0&#8243; _module_preset=&#8221;default&#8221; hover_enabled=&#8221;0&#8243; global_colors_info=&#8221;{}&#8221; sticky_enabled=&#8221;0&#8243;][\/et_pb_image][\/et_pb_column][et_pb_column type=&#8221;3_5&#8243; _builder_version=&#8221;4.21.0&#8243; _module_preset=&#8221;default&#8221; global_colors_info=&#8221;{}&#8221;][et_pb_text _builder_version=&#8221;4.21.0&#8243; _module_preset=&#8221;default&#8221; global_colors_info=&#8221;{}&#8221;]<\/p>\n<h4>O que \u00e9 a blefaroplastia<\/h4>\n<p>A cirurgia est\u00e9tica da p\u00e1lpebra e da regi\u00e3o periorbital \u00e9 designada por Blefaroplastia. Trata-se de um procedimento cir\u00fargico que visa restaurar a fun\u00e7\u00e3o fisiol\u00f3gica desta zona anat\u00f3mica e dar-lhe um aspecto mais jovem.<\/p>\n<p>Nalguns casos, em que se verifica uma verdadeira altera\u00e7\u00e3o patol\u00f3gica, por exemplo, na ptose palpebral (tamb\u00e9m conhecida por blefarocalasia), no ectr\u00f3pio e no entr\u00f3pio, bem como na presen\u00e7a de tumores endo-orbit\u00e1rios ou peri-orbit\u00e1rios, a indica\u00e7\u00e3o para cirurgia \u00e9 uma necessidade real.<\/p>\n<p>Este pequeno procedimento cir\u00fargico pode ser realizado isoladamente ou em combina\u00e7\u00e3o com um lifting facial ou de sobrancelhas, para que a flacidez e as rugas em toda a regi\u00e3o anat\u00f3mica tamb\u00e9m sejam tratadas. Por vezes, \u00e9 necess\u00e1rio recorrer ao Peeling Qu\u00edmico como procedimento complementar com o objectivo de obter uma apar\u00eancia mais jovem na zona facial.<\/p>\n<p>NOTA: Nos fumadores, o tempo de recupera\u00e7\u00e3o \u00e9 normalmente prolongado e o risco de complica\u00e7\u00f5es \u00e9 maior.<\/p>\n<p>[\/et_pb_text][\/et_pb_column][\/et_pb_row][\/et_pb_section][et_pb_section fb_built=&#8221;1&#8243; _builder_version=&#8221;4.21.0&#8243; _module_preset=&#8221;default&#8221; background_color=&#8221;#DAE7E4&#8243; locked=&#8221;off&#8221; global_colors_info=&#8221;{}&#8221;][et_pb_row column_structure=&#8221;1_2,1_2&#8243; _builder_version=&#8221;4.21.0&#8243; _module_preset=&#8221;default&#8221; global_colors_info=&#8221;{}&#8221;][et_pb_column type=&#8221;1_2&#8243; _builder_version=&#8221;4.21.0&#8243; _module_preset=&#8221;default&#8221; global_colors_info=&#8221;{}&#8221;][et_pb_text _builder_version=&#8221;4.21.0&#8243; _module_preset=&#8221;default&#8221; global_colors_info=&#8221;{}&#8221;]<\/p>\n<h2>Marcar uma consulta com o Dr. Ozeri A. Eitan<\/h2>\n<p>[\/et_pb_text][\/et_pb_column][et_pb_column type=&#8221;1_2&#8243; _builder_version=&#8221;4.21.0&#8243; _module_preset=&#8221;default&#8221; global_colors_info=&#8221;{}&#8221;][et_pb_button button_url=&#8221;@ET-DC@eyJkeW5hbWljIjp0cnVlLCJjb250ZW50IjoicG9zdF9saW5rX3VybF9wYWdlIiwic2V0dGluZ3MiOnsicG9zdF9pZCI6IjU2In19@&#8221; button_text=&#8221;Ir para os contactos&#8221; _builder_version=&#8221;4.21.0&#8243; _dynamic_attributes=&#8221;button_url&#8221; _module_preset=&#8221;default&#8221; global_colors_info=&#8221;{}&#8221;][\/et_pb_button][\/et_pb_column][\/et_pb_row][\/et_pb_section]<\/p>\n","protected":false},"excerpt":{"rendered":"<p>Blefaroplastia Incluindo correc\u00e7\u00f5es de entr\u00f3pio e ectr\u00f3pioO que \u00e9 a blefaroplastia A cirurgia est\u00e9tica da p\u00e1lpebra e da regi\u00e3o periorbital \u00e9 designada por Blefaroplastia. Trata-se de um procedimento cir\u00fargico que visa restaurar a fun\u00e7\u00e3o fisiol\u00f3gica desta zona anat\u00f3mica e dar-lhe um aspecto mais jovem. Nalguns casos, em que se verifica uma verdadeira altera\u00e7\u00e3o patol\u00f3gica, por [&hellip;]<\/p>\n","protected":false},"author":2,"featured_media":0,"parent":0,"menu_order":0,"comment_status":"closed","ping_status":"closed","template":"","meta":{"_et_pb_use_builder":"on","_et_pb_old_content":"","_et_gb_content_width":"","footnotes":""},"class_list":["post-242916","page","type-page","status-publish","hentry"],"yoast_head":"<!-- This site is optimized with the Yoast SEO plugin v27.1.1 - https:\/\/yoast.com\/product\/yoast-seo-wordpress\/ -->\n<title>Blefaroplastia - Dott. Eitan Ozeri<\/title>\n<meta name=\"robots\" content=\"index, follow, max-snippet:-1, max-image-preview:large, max-video-preview:-1\" \/>\n<link rel=\"canonical\" href=\"https:\/\/ozerieitan.com\/pt-pt\/blefaroplastia\/\" \/>\n<meta property=\"og:locale\" content=\"pt_PT\" \/>\n<meta property=\"og:type\" content=\"article\" \/>\n<meta property=\"og:title\" content=\"Blefaroplastia - Dott. Eitan Ozeri\" \/>\n<meta property=\"og:description\" content=\"Blefaroplastia Incluindo correc\u00e7\u00f5es de entr\u00f3pio e ectr\u00f3pioO que \u00e9 a blefaroplastia A cirurgia est\u00e9tica da p\u00e1lpebra e da regi\u00e3o periorbital \u00e9 designada por Blefaroplastia. Trata-se de um procedimento cir\u00fargico que visa restaurar a fun\u00e7\u00e3o fisiol\u00f3gica desta zona anat\u00f3mica e dar-lhe um aspecto mais jovem. Nalguns casos, em que se verifica uma verdadeira altera\u00e7\u00e3o patol\u00f3gica, por [&hellip;]\" \/>\n<meta property=\"og:url\" content=\"https:\/\/ozerieitan.com\/pt-pt\/blefaroplastia\/\" \/>\n<meta property=\"og:site_name\" content=\"Dott. Eitan Ozeri\" \/>\n<meta property=\"article:modified_time\" content=\"2023-06-12T17:01:47+00:00\" \/>\n<meta name=\"twitter:card\" content=\"summary_large_image\" \/>\n<meta name=\"twitter:label1\" content=\"Tempo estimado de leitura\" \/>\n\t<meta name=\"twitter:data1\" content=\"2 minutos\" \/>\n<script type=\"application\/ld+json\" class=\"yoast-schema-graph\">{\"@context\":\"https:\/\/schema.org\",\"@graph\":[{\"@type\":\"WebPage\",\"@id\":\"https:\/\/ozerieitan.com\/pt-pt\/blefaroplastia\/\",\"url\":\"https:\/\/ozerieitan.com\/pt-pt\/blefaroplastia\/\",\"name\":\"Blefaroplastia - Dott. Eitan Ozeri\",\"isPartOf\":{\"@id\":\"https:\/\/ozerieitan.com\/#website\"},\"datePublished\":\"2023-04-30T10:44:24+00:00\",\"dateModified\":\"2023-06-12T17:01:47+00:00\",\"breadcrumb\":{\"@id\":\"https:\/\/ozerieitan.com\/pt-pt\/blefaroplastia\/#breadcrumb\"},\"inLanguage\":\"pt-PT\",\"potentialAction\":[{\"@type\":\"ReadAction\",\"target\":[\"https:\/\/ozerieitan.com\/pt-pt\/blefaroplastia\/\"]}]},{\"@type\":\"BreadcrumbList\",\"@id\":\"https:\/\/ozerieitan.com\/pt-pt\/blefaroplastia\/#breadcrumb\",\"itemListElement\":[{\"@type\":\"ListItem\",\"position\":1,\"name\":\"Home\",\"item\":\"https:\/\/ozerieitan.com\/pt-pt\/inicio\/\"},{\"@type\":\"ListItem\",\"position\":2,\"name\":\"Blefaroplastia\"}]},{\"@type\":\"WebSite\",\"@id\":\"https:\/\/ozerieitan.com\/#website\",\"url\":\"https:\/\/ozerieitan.com\/\",\"name\":\"Dott. Eitan Ozeri\",\"description\":\"Medico Chirurgo Specialista in Chirurgia Maxillo-Facciale\",\"publisher\":{\"@id\":\"https:\/\/ozerieitan.com\/#\/schema\/person\/3b11a98827d659188824da14923ab16f\"},\"potentialAction\":[{\"@type\":\"SearchAction\",\"target\":{\"@type\":\"EntryPoint\",\"urlTemplate\":\"https:\/\/ozerieitan.com\/?s={search_term_string}\"},\"query-input\":{\"@type\":\"PropertyValueSpecification\",\"valueRequired\":true,\"valueName\":\"search_term_string\"}}],\"inLanguage\":\"pt-PT\"},{\"@type\":[\"Person\",\"Organization\"],\"@id\":\"https:\/\/ozerieitan.com\/#\/schema\/person\/3b11a98827d659188824da14923ab16f\",\"name\":\"ozerieitan\",\"image\":{\"@type\":\"ImageObject\",\"inLanguage\":\"pt-PT\",\"@id\":\"https:\/\/ozerieitan.com\/#\/schema\/person\/image\/\",\"url\":\"https:\/\/ozerieitan.com\/wp-content\/uploads\/2023\/04\/2022.04.26_Armonia_foto-medico.jpg\",\"contentUrl\":\"https:\/\/ozerieitan.com\/wp-content\/uploads\/2023\/04\/2022.04.26_Armonia_foto-medico.jpg\",\"width\":640,\"height\":425,\"caption\":\"ozerieitan\"},\"logo\":{\"@id\":\"https:\/\/ozerieitan.com\/#\/schema\/person\/image\/\"}}]}<\/script>\n<!-- \/ Yoast SEO plugin. -->","yoast_head_json":{"title":"Blefaroplastia - Dott. Eitan Ozeri","robots":{"index":"index","follow":"follow","max-snippet":"max-snippet:-1","max-image-preview":"max-image-preview:large","max-video-preview":"max-video-preview:-1"},"canonical":"https:\/\/ozerieitan.com\/pt-pt\/blefaroplastia\/","og_locale":"pt_PT","og_type":"article","og_title":"Blefaroplastia - Dott. Eitan Ozeri","og_description":"Blefaroplastia Incluindo correc\u00e7\u00f5es de entr\u00f3pio e ectr\u00f3pioO que \u00e9 a blefaroplastia A cirurgia est\u00e9tica da p\u00e1lpebra e da regi\u00e3o periorbital \u00e9 designada por Blefaroplastia. Trata-se de um procedimento cir\u00fargico que visa restaurar a fun\u00e7\u00e3o fisiol\u00f3gica desta zona anat\u00f3mica e dar-lhe um aspecto mais jovem. Nalguns casos, em que se verifica uma verdadeira altera\u00e7\u00e3o patol\u00f3gica, por [&hellip;]","og_url":"https:\/\/ozerieitan.com\/pt-pt\/blefaroplastia\/","og_site_name":"Dott. Eitan Ozeri","article_modified_time":"2023-06-12T17:01:47+00:00","twitter_card":"summary_large_image","twitter_misc":{"Tempo estimado de leitura":"2 minutos"},"schema":{"@context":"https:\/\/schema.org","@graph":[{"@type":"WebPage","@id":"https:\/\/ozerieitan.com\/pt-pt\/blefaroplastia\/","url":"https:\/\/ozerieitan.com\/pt-pt\/blefaroplastia\/","name":"Blefaroplastia - Dott. Eitan Ozeri","isPartOf":{"@id":"https:\/\/ozerieitan.com\/#website"},"datePublished":"2023-04-30T10:44:24+00:00","dateModified":"2023-06-12T17:01:47+00:00","breadcrumb":{"@id":"https:\/\/ozerieitan.com\/pt-pt\/blefaroplastia\/#breadcrumb"},"inLanguage":"pt-PT","potentialAction":[{"@type":"ReadAction","target":["https:\/\/ozerieitan.com\/pt-pt\/blefaroplastia\/"]}]},{"@type":"BreadcrumbList","@id":"https:\/\/ozerieitan.com\/pt-pt\/blefaroplastia\/#breadcrumb","itemListElement":[{"@type":"ListItem","position":1,"name":"Home","item":"https:\/\/ozerieitan.com\/pt-pt\/inicio\/"},{"@type":"ListItem","position":2,"name":"Blefaroplastia"}]},{"@type":"WebSite","@id":"https:\/\/ozerieitan.com\/#website","url":"https:\/\/ozerieitan.com\/","name":"Dott. Eitan Ozeri","description":"Medico Chirurgo Specialista in Chirurgia Maxillo-Facciale","publisher":{"@id":"https:\/\/ozerieitan.com\/#\/schema\/person\/3b11a98827d659188824da14923ab16f"},"potentialAction":[{"@type":"SearchAction","target":{"@type":"EntryPoint","urlTemplate":"https:\/\/ozerieitan.com\/?s={search_term_string}"},"query-input":{"@type":"PropertyValueSpecification","valueRequired":true,"valueName":"search_term_string"}}],"inLanguage":"pt-PT"},{"@type":["Person","Organization"],"@id":"https:\/\/ozerieitan.com\/#\/schema\/person\/3b11a98827d659188824da14923ab16f","name":"ozerieitan","image":{"@type":"ImageObject","inLanguage":"pt-PT","@id":"https:\/\/ozerieitan.com\/#\/schema\/person\/image\/","url":"https:\/\/ozerieitan.com\/wp-content\/uploads\/2023\/04\/2022.04.26_Armonia_foto-medico.jpg","contentUrl":"https:\/\/ozerieitan.com\/wp-content\/uploads\/2023\/04\/2022.04.26_Armonia_foto-medico.jpg","width":640,"height":425,"caption":"ozerieitan"},"logo":{"@id":"https:\/\/ozerieitan.com\/#\/schema\/person\/image\/"}}]}},"jetpack_sharing_enabled":true,"_links":{"self":[{"href":"https:\/\/ozerieitan.com\/pt-pt\/wp-json\/wp\/v2\/pages\/242916","targetHints":{"allow":["GET"]}}],"collection":[{"href":"https:\/\/ozerieitan.com\/pt-pt\/wp-json\/wp\/v2\/pages"}],"about":[{"href":"https:\/\/ozerieitan.com\/pt-pt\/wp-json\/wp\/v2\/types\/page"}],"author":[{"embeddable":true,"href":"https:\/\/ozerieitan.com\/pt-pt\/wp-json\/wp\/v2\/users\/2"}],"replies":[{"embeddable":true,"href":"https:\/\/ozerieitan.com\/pt-pt\/wp-json\/wp\/v2\/comments?post=242916"}],"version-history":[{"count":2,"href":"https:\/\/ozerieitan.com\/pt-pt\/wp-json\/wp\/v2\/pages\/242916\/revisions"}],"predecessor-version":[{"id":242925,"href":"https:\/\/ozerieitan.com\/pt-pt\/wp-json\/wp\/v2\/pages\/242916\/revisions\/242925"}],"wp:attachment":[{"href":"https:\/\/ozerieitan.com\/pt-pt\/wp-json\/wp\/v2\/media?parent=242916"}],"curies":[{"name":"wp","href":"https:\/\/api.w.org\/{rel}","templated":true}]}}